{"id":353,"date":"2022-11-28T21:18:40","date_gmt":"2022-11-28T19:18:40","guid":{"rendered":"https:\/\/kobitkabezwiny.pl\/?page_id=353"},"modified":"2023-03-01T19:54:53","modified_gmt":"2023-03-01T17:54:53","slug":"polityka-ciasteczek-i-polityka-prywatnosci","status":"publish","type":"page","link":"https:\/\/kobitkabezwiny.pl\/index.php\/polityka-ciasteczek-i-polityka-prywatnosci\/","title":{"rendered":"polityka ciasteczek i\u00a0polityka prywatno\u015bci"},"content":{"rendered":"\n<div class=\"wp-block-qubely-heading qubely-block-156d47\"><div class=\"qubely-block-heading  \"><div class=\"qubely-heading-container\"><h2 class=\"qubely-heading-selector\">Polityka ciasteczek i\u00a0polityka prywatno\u015bci<\/h2><\/div><\/div><\/div>\n\n\n\n<div class=\"wp-block-qubely-text qubely-block-3f61a4\"><div class=\"qubely-block-text  \"><div class=\"qubely-block-text-title-container  qubely-separator-position-top\"><div class=\"qubely-block-text-title-inner\"><h2 class=\"qubely-block-text-title\">Kim jeste\u015bmy?<\/h2><\/div><\/div><p>Adres naszej strony internetowej to: https:\/\/kobitkabezwiny.pl.<\/p><\/div><\/div>\n\n\n\n<div class=\"wp-block-qubely-text qubely-block-a1c267\"><div class=\"qubely-block-text  \"><div class=\"qubely-block-text-title-container  qubely-separator-position-top\"><div class=\"qubely-block-text-title-inner\"><h2 class=\"qubely-block-text-title\">Jakie dane osobiste zbieramy i&nbsp;dlaczego je zbieramy?<\/h2><\/div><\/div><p><\/p><\/div><\/div>\n\n\n\n<div class=\"wp-block-qubely-text qubely-block-4d42d1\"><div class=\"qubely-block-text  \"><div class=\"qubely-block-text-title-container  qubely-separator-position-top\"><div class=\"qubely-block-text-title-inner\"><h2 class=\"qubely-block-text-title\">Komentarze<\/h2><\/div><\/div><p>Kiedy odwiedzaj\u0105cy witryn\u0119 zostawia komentarz, zbieramy dane widoczne w&nbsp;formularzu komentowania, jak i&nbsp;adres IP odwiedzaj\u0105cego oraz podpis jego przegl\u0105darki jako pomoc przy wykrywaniu spamu.<br>Zanonimizowany ci\u0105g znak\u00f3w stworzony na podstawie twojego adresu email (tak zwany hash) mo\u017ce zosta\u0107 przes\u0142any do us\u0142ugi Gravatar w&nbsp;celu sprawdzenia czy jej u\u017cywasz. Polityka prywatno\u015bci us\u0142ugi Gravatar jest dost\u0119pna tutaj: https:\/\/automattic.com\/privacy\/. Po zatwierdzeniu komentarza tw\u00f3j obrazek profilowy jest widoczny publicznie w&nbsp;kontek\u015bcie twojego komentarza.<\/p><\/div><\/div>\n\n\n\n<div class=\"wp-block-qubely-text qubely-block-09f4fb\"><div class=\"qubely-block-text  \"><div class=\"qubely-block-text-title-container  qubely-separator-position-top\"><div class=\"qubely-block-text-title-inner\"><h2 class=\"qubely-block-text-title\">Media<\/h2><\/div><\/div><p>Je\u015bli jeste\u015b zarejestrowanym u\u017cytkownikiem i&nbsp;wgrywasz na witryn\u0119 obrazki, powiniene\u015b unika\u0107 przesy\u0142ania obrazk\u00f3w z&nbsp;tagami EXIF lokalizacji. Odwiedzaj\u0105cy stron\u0119 mog\u0105 pobra\u0107 i&nbsp;odczyta\u0107 pe\u0142ne dane lokalizacyjne z&nbsp;obrazk\u00f3w w&nbsp;witrynie.<\/p><\/div><\/div>\n\n\n\n<div class=\"wp-block-qubely-text qubely-block-7e0fde\"><div class=\"qubely-block-text  \"><div class=\"qubely-block-text-title-container  qubely-separator-position-top\"><div class=\"qubely-block-text-title-inner\"><h2 class=\"qubely-block-text-title\">Newsletter<\/h2><\/div><\/div><p>Dane przekazane nam w&nbsp;ramach formularza zapisu na&nbsp;newsletter przetwarzane s\u0105 w&nbsp;celu przesy\u0142ania U\u017cytkownikowi newslettera.<\/p><\/div><\/div>\n\n\n\n<div class=\"wp-block-qubely-text qubely-block-00744d\"><div class=\"qubely-block-text  \"><div class=\"qubely-block-text-title-container  qubely-separator-position-top\"><div class=\"qubely-block-text-title-inner\"><h2 class=\"qubely-block-text-title\">Ciasteczka<\/h2><\/div><\/div><p>Je\u015bli zostawisz na naszej witrynie komentarz, b\u0119dziesz m\u00f3g\u0142 wybra\u0107 opcj\u0119 zapisu twojej nazwy, adresu email i&nbsp;adresu strony internetowej w&nbsp;ciasteczkach, dzi\u0119ki kt\u00f3rym podczas pisania kolejnych komentarzy powy\u017csze informacje b\u0119d\u0105 ju\u017c dogodnie uzupe\u0142nione. Te ciasteczka wygasaj\u0105 po roku.<br>Je\u015bli masz konto i&nbsp;zalogujesz si\u0119 na tej witrynie, utworzymy tymczasowe ciasteczko na potrzeby sprawdzenia czy twoja przegl\u0105darka akceptuje ciasteczka. To ciasteczko nie zawiera \u017cadnych danych osobistych i&nbsp;zostanie wyrzucone kiedy zamkniesz przegl\u0105dark\u0119.<br>Podczas logowania tworzymy dodatkowo kilka ciasteczek potrzebnych do zapisu twoich informacji logowania oraz wybranych opcji ekranu. Ciasteczka logowania wygasaj\u0105 po dw\u00f3ch dniach, a&nbsp;opcji ekranu po roku. Je\u015bli zaznaczysz opcj\u0119 \u201ePami\u0119taj mnie\u201d, logowanie wyga\u015bnie po dw\u00f3ch tygodniach. Je\u015bli wylogujesz si\u0119 ze swojego konta, ciasteczka logowania zostan\u0105 usuni\u0119te.<br>Je\u015bli zmodyfikujesz albo opublikujesz artyku\u0142, w&nbsp;twojej przegl\u0105darce zostanie zapisane dodatkowe ciasteczko. To ciasteczko nie zawiera \u017cadnych danych osobistych, wskazuj\u0105c po prostu na identyfikator przed chwil\u0105 edytowanego artyku\u0142u. Wygasa ono po 1 dniu.<\/p><\/div><\/div>\n\n\n\n<div class=\"wp-block-qubely-text qubely-block-fe1003\"><div class=\"qubely-block-text  \"><div class=\"qubely-block-text-title-container  qubely-separator-position-top\"><div class=\"qubely-block-text-title-inner\"><h2 class=\"qubely-block-text-title\">Osadzone tre\u015bci z&nbsp;innych witryn<\/h2><\/div><\/div><p>Artyku\u0142y na tej witrynie mog\u0105 zawiera\u0107 osadzone tre\u015bci (np. filmy, obrazki, artyku\u0142y itp.). Osadzone tre\u015bci z&nbsp;innych witryn zachowuj\u0105 si\u0119 analogicznie do tego, jakby u\u017cytkownik odwiedzi\u0142 bezpo\u015brednio konkretn\u0105 witryn\u0119.<br>Te witryny mog\u0105 zbiera\u0107 informacj\u0119 o&nbsp;tobie, u\u017cywa\u0107 ciasteczek, do\u0142\u0105cza\u0107 dodatkowe, zewn\u0119trzne systemy \u015bledzenia i&nbsp;monitorowa\u0107 twoje interakcje z&nbsp;osadzonym materia\u0142em, w\u0142\u0105czaj\u0105c w&nbsp;to \u015bledzenie twoich interakcji z&nbsp;osadzonym materia\u0142em je\u015bli posiadasz konto i&nbsp;jeste\u015b zalogowany w&nbsp;tamtej witrynie.<\/p><\/div><\/div>\n\n\n\n<div class=\"wp-block-qubely-text qubely-block-84d9aa\"><div class=\"qubely-block-text  \"><div class=\"qubely-block-text-title-container  qubely-separator-position-top\"><div class=\"qubely-block-text-title-inner\"><h2 class=\"qubely-block-text-title\">Z&nbsp;kim dzielimy si\u0119 danymi?<\/h2><\/div><\/div><p>Administrator informuje niniejszym U\u017cytkownika, \u017ce&nbsp;powierza przetwarzanie danych osobowych nast\u0119puj\u0105cym podmiotom:<br>cyberfolks.pl \u2013 w&nbsp;celu przechowywania danych osobowych na&nbsp;serwerze<br>Przetwarzanie danych osobowych przez zenbox.pl jest w&nbsp;pe\u0142ni zgodne z&nbsp;wymogami ustawy z&nbsp;dnia 29 sierpnia 1997 r. o&nbsp;ochronie danych osobowych (t.j. Dz. U. z&nbsp;2002 r. Nr 101, poz. 926 ze zm.) oraz rozporz\u0105dzeniem Ministra Spraw Wewn\u0119trznych i&nbsp;Administracji z&nbsp;dnia 29 kwietnia 2004 r. w&nbsp;sprawie dokumentacji przetwarzania danych osobowych oraz warunk\u00f3w technicznych i&nbsp;organizacyjnych, jakim powinny odpowiada\u0107 urz\u0105dzenia i&nbsp;systemy informatyczne s\u0142u\u017c\u0105ce do przetwarzania danych osobowych.<\/p><\/div><\/div>\n\n\n\n<div class=\"wp-block-qubely-text qubely-block-185384\"><div class=\"qubely-block-text  \"><div class=\"qubely-block-text-title-container  qubely-separator-position-top\"><div class=\"qubely-block-text-title-inner\"><h2 class=\"qubely-block-text-title\">Jak d\u0142ugo przechowujemy twoje dane?<\/h2><\/div><\/div><p>Je\u015bli zostawisz komentarz, jego tre\u015b\u0107 i&nbsp;metadane b\u0119d\u0105 przechowywane przez czas nieokre\u015blony. Dzi\u0119ki temu jeste\u015bmy w&nbsp;stanie rozpoznawa\u0107 i&nbsp;zatwierdza\u0107 kolejne komentarze automatycznie, bez wysy\u0142ania ich do ka\u017cdorazowej moderacji.<br>Dla u\u017cytkownik\u00f3w kt\u00f3rzy zarejestrowali si\u0119 na naszej stronie internetowej (je\u015bli tacy s\u0105), przechowujemy r\u00f3wnie\u017c informacje osobiste wprowadzone w&nbsp;profilu. Ka\u017cdy u\u017cytkownik mo\u017ce dokona\u0107 wgl\u0105du, korekty albo skasowa\u0107 swoje informacje osobiste w&nbsp;dowolnej chwili (nie licz\u0105c nazwy u\u017cytkownika, kt\u00f3rej nie mo\u017cna zmieni\u0107). Administratorzy strony r\u00f3wnie\u017c mog\u0105 przegl\u0105da\u0107 i&nbsp;modyfikowa\u0107 te informacje.<\/p><\/div><\/div>\n\n\n\n<div class=\"wp-block-qubely-text qubely-block-5e4c4b\"><div class=\"qubely-block-text  \"><div class=\"qubely-block-text-title-container  qubely-separator-position-top\"><div class=\"qubely-block-text-title-inner\"><h2 class=\"qubely-block-text-title\">Jakie masz prawa do swoich danych?<\/h2><\/div><\/div><p>Je\u015bli masz konto u\u017cytkownika albo doda\u0142e\u015b komentarze w&nbsp;tej witrynie, mo\u017cesz za\u017c\u0105da\u0107 dostarczenia pliku z&nbsp;wyeksportowanym kompletem twoich danych osobistych b\u0119d\u0105cych w&nbsp;naszym posiadaniu, w&nbsp;tym ca\u0142o\u015b\u0107 tych dostarczonych przez ciebie. Mo\u017cesz r\u00f3wnie\u017c za\u017c\u0105da\u0107 usuni\u0119cia przez nas ca\u0142o\u015bci twoich danych osobistych w&nbsp;naszym posiadaniu. Nie dotyczy to \u017cadnych danych kt\u00f3re jeste\u015bmy zobligowani zachowa\u0107 ze wzgl\u0119d\u00f3w administracyjnych, prawnych albo bezpiecze\u0144stwa.<\/p><\/div><\/div>\n\n\n\n<div class=\"wp-block-qubely-text qubely-block-39e738\"><div class=\"qubely-block-text  \"><div class=\"qubely-block-text-title-container  qubely-separator-position-top\"><div class=\"qubely-block-text-title-inner\"><h2 class=\"qubely-block-text-title\">Jak chronimy twoje dane?<\/h2><\/div><\/div><p>Gwarantujemy poufno\u015b\u0107 wszelkich przekazanych nam danych osobowych.&nbsp; Nie udost\u0119pniamy przekazanych nam danych jakimkolwiek podmiotom trzecim. Dane osobowe s\u0105 gromadzone z&nbsp;nale\u017cyt\u0105 staranno\u015bci\u0105 i&nbsp;odpowiednio chronione przed&nbsp;dost\u0119pem do&nbsp;nich przez&nbsp;osoby do&nbsp;tego nieupowa\u017cnione.<\/p><\/div><\/div>\n","protected":false},"excerpt":{"rendered":"","protected":false},"author":1,"featured_media":354,"parent":0,"menu_order":0,"comment_status":"closed","ping_status":"closed","template":"","meta":{"qubely_global_settings":"","qubely_interactions":"","footnotes":""},"class_list":["post-353","page","type-page","status-publish","has-post-thumbnail","hentry"],"blocksy_meta":{"styles_descriptor":{"styles":{"desktop":"","tablet":"","mobile":""},"google_fonts":[],"version":6}},"_links":{"self":[{"href":"https:\/\/kobitkabezwiny.pl\/index.php\/wp-json\/wp\/v2\/pages\/353","targetHints":{"allow":["GET"]}}],"collection":[{"href":"https:\/\/kobitkabezwiny.pl\/index.php\/wp-json\/wp\/v2\/pages"}],"about":[{"href":"https:\/\/kobitkabezwiny.pl\/index.php\/wp-json\/wp\/v2\/types\/page"}],"author":[{"embeddable":true,"href":"https:\/\/kobitkabezwiny.pl\/index.php\/wp-json\/wp\/v2\/users\/1"}],"replies":[{"embeddable":true,"href":"https:\/\/kobitkabezwiny.pl\/index.php\/wp-json\/wp\/v2\/comments?post=353"}],"version-history":[{"count":5,"href":"https:\/\/kobitkabezwiny.pl\/index.php\/wp-json\/wp\/v2\/pages\/353\/revisions"}],"predecessor-version":[{"id":459,"href":"https:\/\/kobitkabezwiny.pl\/index.php\/wp-json\/wp\/v2\/pages\/353\/revisions\/459"}],"wp:featuredmedia":[{"embeddable":true,"href":"https:\/\/kobitkabezwiny.pl\/index.php\/wp-json\/wp\/v2\/media\/354"}],"wp:attachment":[{"href":"https:\/\/kobitkabezwiny.pl\/index.php\/wp-json\/wp\/v2\/media?parent=353"}],"curies":[{"name":"wp","href":"https:\/\/api.w.org\/{rel}","templated":true}]}}